{"id":131,"date":"2008-06-20T00:16:23","date_gmt":"2008-06-19T22:16:23","guid":{"rendered":"http:\/\/www.jan-bosschaart.de\/wordpress\/?page_id=131"},"modified":"2014-04-09T19:43:18","modified_gmt":"2014-04-09T17:43:18","slug":"warum-denn-das","status":"publish","type":"page","link":"https:\/\/www.bosschaart.de\/blog\/?page_id=131","title":{"rendered":"Warum denn das?"},"content":{"rendered":"<p>Jedenfalls nicht<\/p>\n<ul>\n<li>&#8230; wegen Bedeutsamkeit (die meisten Texte sind veraltet und nur von regionalem Interesse)<\/li>\n<li>&#8230; zur Eigenwerbung (weil ohnehin vertraglich gebunden),<\/li>\n<li>&#8230; als Zeitungsersatz (das Gesamtprodukt ist ungleich bunter und umfassender, siehe <a href=\"http:\/\/www.maz-online.de\/Leserservice\/Abo-Angebote\">hier<\/a>)\n<\/li>\n<\/ul>\n<p>sondern<\/p>\n<ul>\n<li>&#8230; f\u00fcr faule Verwandte und Freunde (die sich nicht durch diverse Online-Archive qu\u00e4len m\u00f6gen)<\/li>\n<li>&#8230; als Datenbank (weil Papierausdrucke vergilben und nur m\u00fchsam durchsuchbar sind)<\/li>\n<li>&#8230; in der Hoffnung auf fundierte Kritik (via Kommentarfunktion).<\/li>\n<\/ul>\n","protected":false},"excerpt":{"rendered":"<p>Jedenfalls nicht &#8230; wegen Bedeutsamkeit (die meisten Texte sind veraltet und nur von regionalem Interesse) &#8230; zur Eigenwerbung (weil ohnehin vertraglich gebunden), &#8230; als Zeitungsersatz (das Gesamtprodukt ist ungleich bunter und umfassender, siehe hier) sondern &#8230; f\u00fcr faule Verwandte und Freunde (die sich nicht durch diverse Online-Archive qu\u00e4len m\u00f6gen) &#8230; als Datenbank (weil Papierausdrucke vergilben [&hellip;]<\/p>\n","protected":false},"author":1,"featured_media":0,"parent":0,"menu_order":1,"comment_status":"closed","ping_status":"closed","template":"","meta":{"jetpack_post_was_ever_published":false,"footnotes":""},"class_list":["post-131","page","type-page","status-publish","hentry"],"jetpack_sharing_enabled":false,"jetpack_shortlink":"https:\/\/wp.me\/P2HHro-27","jetpack_likes_enabled":false,"_links":{"self":[{"href":"https:\/\/www.bosschaart.de\/blog\/index.php?rest_route=\/wp\/v2\/pages\/131","targetHints":{"allow":["GET"]}}],"collection":[{"href":"https:\/\/www.bosschaart.de\/blog\/index.php?rest_route=\/wp\/v2\/pages"}],"about":[{"href":"https:\/\/www.bosschaart.de\/blog\/index.php?rest_route=\/wp\/v2\/types\/page"}],"author":[{"embeddable":true,"href":"https:\/\/www.bosschaart.de\/blog\/index.php?rest_route=\/wp\/v2\/users\/1"}],"replies":[{"embeddable":true,"href":"https:\/\/www.bosschaart.de\/blog\/index.php?rest_route=%2Fwp%2Fv2%2Fcomments&post=131"}],"version-history":[{"count":8,"href":"https:\/\/www.bosschaart.de\/blog\/index.php?rest_route=\/wp\/v2\/pages\/131\/revisions"}],"predecessor-version":[{"id":4448,"href":"https:\/\/www.bosschaart.de\/blog\/index.php?rest_route=\/wp\/v2\/pages\/131\/revisions\/4448"}],"wp:attachment":[{"href":"https:\/\/www.bosschaart.de\/blog\/index.php?rest_route=%2Fwp%2Fv2%2Fmedia&parent=131"}],"curies":[{"name":"wp","href":"https:\/\/api.w.org\/{rel}","templated":true}]}}